{"id":2137,"date":"2024-03-06T13:53:18","date_gmt":"2024-03-06T12:53:18","guid":{"rendered":"https:\/\/leonyl.de\/?page_id=2137"},"modified":"2024-03-06T14:09:25","modified_gmt":"2024-03-06T13:09:25","slug":"musik","status":"publish","type":"page","link":"https:\/\/leonyl.de\/en\/musik\/","title":{"rendered":"Music"},"content":{"rendered":"\t\t<div data-elementor-type=\"wp-page\" data-elementor-id=\"2137\" class=\"elementor elementor-2137\" data-elementor-settings=\"{&quot;ha_cmc_init_switcher&quot;:&quot;no&quot;}\" data-elementor-post-type=\"page\">\n\t\t\t\t<div class=\"elementor-element elementor-element-aa6aabd e-flex e-con-boxed e-con e-parent\" data-id=\"aa6aabd\" data-element_type=\"container\" data-e-type=\"container\" data-settings=\"{&quot;_ha_eqh_enable&quot;:false}\">\n\t\t\t\t\t<div class=\"e-con-inner\">\n\t\t\t\t<div class=\"elementor-element elementor-element-3744253 elementor-grid-3 elementor-grid-tablet-2 elementor-grid-mobile-1 elementor-posts--thumbnail-top elementor-widget elementor-widget-posts\" data-id=\"3744253\" data-element_type=\"widget\" data-e-type=\"widget\" data-settings=\"{&quot;classic_columns&quot;:&quot;3&quot;,&quot;classic_columns_tablet&quot;:&quot;2&quot;,&quot;classic_columns_mobile&quot;:&quot;1&quot;,&quot;classic_row_gap&quot;:{&quot;unit&quot;:&quot;px&quot;,&quot;size&quot;:35,&quot;sizes&quot;:[]},&quot;classic_row_gap_tablet&quot;:{&quot;unit&quot;:&quot;px&quot;,&quot;size&quot;:&quot;&quot;,&quot;sizes&quot;:[]},&quot;classic_row_gap_mobile&quot;:{&quot;unit&quot;:&quot;px&quot;,&quot;size&quot;:&quot;&quot;,&quot;sizes&quot;:[]}}\" data-widget_type=\"posts.classic\">\n\t\t\t\t<div class=\"elementor-widget-container\">\n\t\t\t\t\t\t\t<div class=\"elementor-posts-container elementor-posts elementor-posts--skin-classic elementor-grid\" role=\"list\">\n\t\t\t\t<article class=\"elementor-post elementor-grid-item post-443 post type-post status-publish format-standard has-post-thumbnail hentry category-allgemein category-binaurale-musik tag-binaurale-musik\" role=\"listitem\">\n\t\t\t\t<a class=\"elementor-post__thumbnail__link\" href=\"https:\/\/leonyl.de\/en\/binaurales-ambient-album-zum-entspannen\/\" tabindex=\"-1\" >\n\t\t\t<div class=\"elementor-post__thumbnail\"><img fetchpriority=\"high\" decoding=\"async\" width=\"300\" height=\"185\" src=\"https:\/\/leonyl.de\/zzz\/wp-content\/uploads\/2023\/06\/binaurale-musik-leonyl-300x185.jpg\" class=\"attachment-medium size-medium wp-image-259\" alt=\"binaurale-musik-leonyl\" srcset=\"https:\/\/leonyl.de\/zzz\/wp-content\/uploads\/2023\/06\/binaurale-musik-leonyl-300x185.jpg 300w, https:\/\/leonyl.de\/zzz\/wp-content\/uploads\/2023\/06\/binaurale-musik-leonyl-1024x631.jpg 1024w, https:\/\/leonyl.de\/zzz\/wp-content\/uploads\/2023\/06\/binaurale-musik-leonyl-768x473.jpg 768w, https:\/\/leonyl.de\/zzz\/wp-content\/uploads\/2023\/06\/binaurale-musik-leonyl.jpg 1200w\" sizes=\"(max-width: 300px) 100vw, 300px\" \/><\/div>\n\t\t<\/a>\n\t\t\t\t<div class=\"elementor-post__text\">\n\t\t\t\t<h3 class=\"elementor-post__title\">\n\t\t\t<a href=\"https:\/\/leonyl.de\/en\/binaurales-ambient-album-zum-entspannen\/\" >\n\t\t\t\tBinaurales Ambient Album zum Entspannen\t\t\t<\/a>\n\t\t<\/h3>\n\t\t\t\t<div class=\"elementor-post__excerpt\">\n\t\t\t<p>Ruhige Kompositionen mit Live-Aufnahmen aus Teneriffas Naturwelt editiert mit elektronischer Downbeat Ambient-Musik. Ideal zur Entspannung, zum Einschlafen, f\u00fcr den Stressabbau oder zur Meditation. Kopfh\u00f6rer auf,<\/p>\n\t\t<\/div>\n\t\t\n\t\t<a class=\"elementor-post__read-more\" href=\"https:\/\/leonyl.de\/en\/binaurales-ambient-album-zum-entspannen\/\" aria-label=\"Read more about Binaurales Ambient Album zum Entspannen\" tabindex=\"-1\" >\n\t\t\tWeiterlesen \u00bb\t\t<\/a>\n\n\t\t\t\t<\/div>\n\t\t\t\t<\/article>\n\t\t\t\t<article class=\"elementor-post elementor-grid-item post-442 post type-post status-publish format-standard has-post-thumbnail hentry category-binaurale-musik tag-binaurale-musik\" role=\"listitem\">\n\t\t\t\t<a class=\"elementor-post__thumbnail__link\" href=\"https:\/\/leonyl.de\/en\/schlafmusik-fuer-erwachsene-kinder-und-babies\/\" tabindex=\"-1\" >\n\t\t\t<div class=\"elementor-post__thumbnail\"><img decoding=\"async\" width=\"300\" height=\"185\" src=\"https:\/\/leonyl.de\/zzz\/wp-content\/uploads\/2023\/06\/einschlafmusik-leonyl-300x185.jpg\" class=\"attachment-medium size-medium wp-image-261\" alt=\"einschlafmusik-leonyl\" srcset=\"https:\/\/leonyl.de\/zzz\/wp-content\/uploads\/2023\/06\/einschlafmusik-leonyl-300x185.jpg 300w, https:\/\/leonyl.de\/zzz\/wp-content\/uploads\/2023\/06\/einschlafmusik-leonyl-1024x631.jpg 1024w, https:\/\/leonyl.de\/zzz\/wp-content\/uploads\/2023\/06\/einschlafmusik-leonyl-768x473.jpg 768w, https:\/\/leonyl.de\/zzz\/wp-content\/uploads\/2023\/06\/einschlafmusik-leonyl.jpg 1200w\" sizes=\"(max-width: 300px) 100vw, 300px\" \/><\/div>\n\t\t<\/a>\n\t\t\t\t<div class=\"elementor-post__text\">\n\t\t\t\t<h3 class=\"elementor-post__title\">\n\t\t\t<a href=\"https:\/\/leonyl.de\/en\/schlafmusik-fuer-erwachsene-kinder-und-babies\/\" >\n\t\t\t\tSchlafmusik f\u00fcr Erwachsene, Kinder und Babies\t\t\t<\/a>\n\t\t<\/h3>\n\t\t\t\t<div class=\"elementor-post__excerpt\">\n\t\t\t<p>Einschlafen geh\u00f6rt zu den gr\u00f6\u00dften Herausforderungen, die wir Menschen jeden Tag zu leisten haben. Denn kurz vor der Entspannung, die ein gesunder Schlaf bringt, muss<\/p>\n\t\t<\/div>\n\t\t\n\t\t<a class=\"elementor-post__read-more\" href=\"https:\/\/leonyl.de\/en\/schlafmusik-fuer-erwachsene-kinder-und-babies\/\" aria-label=\"Read more about Schlafmusik f\u00fcr Erwachsene, Kinder und Babies\" tabindex=\"-1\" >\n\t\t\tWeiterlesen \u00bb\t\t<\/a>\n\n\t\t\t\t<\/div>\n\t\t\t\t<\/article>\n\t\t\t\t<article class=\"elementor-post elementor-grid-item post-429 post type-post status-publish format-standard has-post-thumbnail hentry category-binaurale-musik tag-binaurale-musik\" role=\"listitem\">\n\t\t\t\t<a class=\"elementor-post__thumbnail__link\" href=\"https:\/\/leonyl.de\/en\/trotz-brummton-phaenomen-gut-schlafen\/\" tabindex=\"-1\" >\n\t\t\t<div class=\"elementor-post__thumbnail\"><img decoding=\"async\" width=\"300\" height=\"185\" src=\"https:\/\/leonyl.de\/zzz\/wp-content\/uploads\/2023\/06\/brummton-phaenomen-leonyl-300x185.jpg\" class=\"attachment-medium size-medium wp-image-260\" alt=\"brummton-phaenomen-leonyl\" srcset=\"https:\/\/leonyl.de\/zzz\/wp-content\/uploads\/2023\/06\/brummton-phaenomen-leonyl-300x185.jpg 300w, https:\/\/leonyl.de\/zzz\/wp-content\/uploads\/2023\/06\/brummton-phaenomen-leonyl-1024x631.jpg 1024w, https:\/\/leonyl.de\/zzz\/wp-content\/uploads\/2023\/06\/brummton-phaenomen-leonyl-768x473.jpg 768w, https:\/\/leonyl.de\/zzz\/wp-content\/uploads\/2023\/06\/brummton-phaenomen-leonyl.jpg 1200w\" sizes=\"(max-width: 300px) 100vw, 300px\" \/><\/div>\n\t\t<\/a>\n\t\t\t\t<div class=\"elementor-post__text\">\n\t\t\t\t<h3 class=\"elementor-post__title\">\n\t\t\t<a href=\"https:\/\/leonyl.de\/en\/trotz-brummton-phaenomen-gut-schlafen\/\" >\n\t\t\t\tTrotz Brummton-Ph\u00e4nomen gut Schlafen\t\t\t<\/a>\n\t\t<\/h3>\n\t\t\t\t<div class=\"elementor-post__excerpt\">\n\t\t\t<p>Die wirkungsvolle und entspannungsf\u00f6rdernde Anwendung binauraler Ambientmusik ist gegen das Brummtonph\u00e4nomen zu empfehlen. Brummton-Ph\u00e4nomen mit Frequenzen gegenbeschallen. Der Brummton geh\u00f6rt zu den am schlechtesten erkl\u00e4rbaren<\/p>\n\t\t<\/div>\n\t\t\n\t\t<a class=\"elementor-post__read-more\" href=\"https:\/\/leonyl.de\/en\/trotz-brummton-phaenomen-gut-schlafen\/\" aria-label=\"Read more about Trotz Brummton-Ph\u00e4nomen gut Schlafen\" tabindex=\"-1\" >\n\t\t\tWeiterlesen \u00bb\t\t<\/a>\n\n\t\t\t\t<\/div>\n\t\t\t\t<\/article>\n\t\t\t\t<\/div>\n\t\t\n\t\t\t\t\t\t<\/div>\n\t\t\t\t<\/div>\n\t\t\t\t\t<\/div>\n\t\t\t\t<\/div>\n\t\t<div class=\"elementor-element elementor-element-85a1f07 e-flex e-con-boxed e-con e-parent\" data-id=\"85a1f07\" data-element_type=\"container\" data-e-type=\"container\" data-settings=\"{&quot;background_background&quot;:&quot;classic&quot;,&quot;_ha_eqh_enable&quot;:false}\">\n\t\t\t\t\t<div class=\"e-con-inner\">\n\t\t\t\t<div class=\"elementor-element elementor-element-fb177d0 elementor-widget elementor-widget-heading\" data-id=\"fb177d0\" data-element_type=\"widget\" data-e-type=\"widget\" data-widget_type=\"heading.default\">\n\t\t\t\t<div class=\"elementor-widget-container\">\n\t\t\t\t\t<h2 class=\"elementor-heading-title elementor-size-default\">Was sind binaurale Beats ?<\/h2>\t\t\t\t<\/div>\n\t\t\t\t<\/div>\n\t\t\t\t<div class=\"elementor-element elementor-element-d89b201 elementor-widget elementor-widget-text-editor\" data-id=\"d89b201\" data-element_type=\"widget\" data-e-type=\"widget\" data-widget_type=\"text-editor.default\">\n\t\t\t\t<div class=\"elementor-widget-container\">\n\t\t\t\t\t\t\t\t\t<p>Binaurale Beats sind eine Form von auditiven T\u00e4uschungen, bei denen zwei leicht unterschiedliche T\u00f6ne in jedem Ohr abgespielt werden, um einen dritten Ton im Gehirn zu erzeugen \u2013 den sogenannten &#8222;binauralen Beat&#8220;. Diese Beats werden oft f\u00fcr ihre entspannende oder konzentrationsf\u00f6rdernde Wirkung genutzt.<\/p><p>Die Verwendung von binauraler Musik kann vielf\u00e4ltig sein, von der F\u00f6rderung von Entspannung und Meditation bis zur Steigerung der Konzentration und Verbesserung des Schlafs. Es wird angenommen, dass binaurale Beats das Gehirn dazu anregen k\u00f6nnen, bestimmte Frequenzen zu erzeugen, die mit verschiedenen geistigen Zust\u00e4nden in Verbindung stehen, wie beispielsweise Theta-Wellen f\u00fcr Entspannung oder Alpha-Wellen f\u00fcr Fokussierung.<\/p>\t\t\t\t\t\t\t\t<\/div>\n\t\t\t\t<\/div>\n\t\t\t\t\t<\/div>\n\t\t\t\t<\/div>\n\t\t<div class=\"elementor-element elementor-element-1b4b29b e-flex e-con-boxed e-con e-parent\" data-id=\"1b4b29b\" data-element_type=\"container\" data-e-type=\"container\" data-settings=\"{&quot;_ha_eqh_enable&quot;:false}\">\n\t\t\t\t\t<div class=\"e-con-inner\">\n\t\t\t\t<div class=\"elementor-element elementor-element-69d132d elementor-widget elementor-widget-heading\" data-id=\"69d132d\" data-element_type=\"widget\" data-e-type=\"widget\" data-widget_type=\"heading.default\">\n\t\t\t\t<div class=\"elementor-widget-container\">\n\t\t\t\t\t<h2 class=\"elementor-heading-title elementor-size-default\">Alle Quellen von Leonyl<\/h2>\t\t\t\t<\/div>\n\t\t\t\t<\/div>\n\t\t\t\t<div class=\"elementor-element elementor-element-a22f94d elementor-widget elementor-widget-html\" data-id=\"a22f94d\" data-element_type=\"widget\" data-e-type=\"widget\" data-widget_type=\"html.default\">\n\t\t\t\t<div class=\"elementor-widget-container\">\n\t\t\t\t\t<script>\ndocument.addEventListener('DOMContentLoaded', function () {\n\nvar filteredImages = document.querySelectorAll('.e-gallery-item');\n\n\/\/Edit the links HERE\nvar links = [\n'https:\/\/soundcloud.com\/leonyl',\n'https:\/\/archive.org\/search?query=leonyl.de',\n'https:\/\/open.spotify.com\/intl-de\/album\/4Ue1HyiFENlku4zqVZYm7B',\n'https:\/\/music.youtube.com\/playlist?list=OLAK5uy_lXutKo3elBZLpEAnbKrR9T6fEw_Kdz4hg'\n];\n\nvar _loope = function _loope(i) {\n    if (links[i].length > 4) {\n    filteredImages[i].style.cursor = \"pointer\";\nfilteredImages[i].addEventListener('click', function () {\nwindow.open(links[i]);\n});\n}\n};\n\nfor (var i = 0; i < filteredImages.length; i++) {\n_loope(i);\n}\n\n});\n\n<\/script>\n\t\t\t\t<\/div>\n\t\t\t\t<\/div>\n\t\t\t\t<div class=\"elementor-element elementor-element-5a0b7f1 elementor-widget elementor-widget-gallery\" data-id=\"5a0b7f1\" data-element_type=\"widget\" data-e-type=\"widget\" data-settings=\"{&quot;aspect_ratio&quot;:&quot;1:1&quot;,&quot;lazyload&quot;:&quot;yes&quot;,&quot;gallery_layout&quot;:&quot;grid&quot;,&quot;columns&quot;:4,&quot;columns_tablet&quot;:2,&quot;columns_mobile&quot;:1,&quot;gap&quot;:{&quot;unit&quot;:&quot;px&quot;,&quot;size&quot;:10,&quot;sizes&quot;:[]},&quot;gap_tablet&quot;:{&quot;unit&quot;:&quot;px&quot;,&quot;size&quot;:10,&quot;sizes&quot;:[]},&quot;gap_mobile&quot;:{&quot;unit&quot;:&quot;px&quot;,&quot;size&quot;:10,&quot;sizes&quot;:[]},&quot;overlay_background&quot;:&quot;yes&quot;,&quot;content_hover_animation&quot;:&quot;fade-in&quot;}\" data-widget_type=\"gallery.default\">\n\t\t\t\t<div class=\"elementor-widget-container\">\n\t\t\t\t\t\t\t<div class=\"elementor-gallery__container\">\n\t\t\t\t\t\t\t<div class=\"e-gallery-item elementor-gallery-item elementor-animated-content\">\n\t\t\t\t\t<div class=\"e-gallery-image elementor-gallery-item__image\" data-thumbnail=\"https:\/\/leonyl.de\/zzz\/wp-content\/uploads\/2023\/06\/leonyl-music-soundcloud.jpg\" data-width=\"468\" data-height=\"451\" aria-label=\"leonyl-music-soundcloud\" role=\"img\" ><\/div>\n\t\t\t\t\t\t\t\t\t\t\t<div class=\"elementor-gallery-item__overlay\"><\/div>\n\t\t\t\t\t\t\t\t\t\t\t\t\t\t<\/div>\n\t\t\t\t\t\t\t<div class=\"e-gallery-item elementor-gallery-item elementor-animated-content\">\n\t\t\t\t\t<div class=\"e-gallery-image elementor-gallery-item__image\" data-thumbnail=\"https:\/\/leonyl.de\/zzz\/wp-content\/uploads\/2023\/06\/leonyl-music-archiv.jpg\" data-width=\"468\" data-height=\"451\" aria-label=\"leonyl-music-archiv\" role=\"img\" ><\/div>\n\t\t\t\t\t\t\t\t\t\t\t<div class=\"elementor-gallery-item__overlay\"><\/div>\n\t\t\t\t\t\t\t\t\t\t\t\t\t\t<\/div>\n\t\t\t\t\t\t\t<div class=\"e-gallery-item elementor-gallery-item elementor-animated-content\">\n\t\t\t\t\t<div class=\"e-gallery-image elementor-gallery-item__image\" data-thumbnail=\"https:\/\/leonyl.de\/zzz\/wp-content\/uploads\/2023\/06\/leonyl-music-2010.jpg\" data-width=\"468\" data-height=\"451\" aria-label=\"leonyl-music-2010 spotify\" role=\"img\" ><\/div>\n\t\t\t\t\t\t\t\t\t\t\t<div class=\"elementor-gallery-item__overlay\"><\/div>\n\t\t\t\t\t\t\t\t\t\t\t\t\t\t<\/div>\n\t\t\t\t\t\t\t<div class=\"e-gallery-item elementor-gallery-item elementor-animated-content\">\n\t\t\t\t\t<div class=\"e-gallery-image elementor-gallery-item__image\" data-thumbnail=\"https:\/\/leonyl.de\/zzz\/wp-content\/uploads\/2023\/06\/bg-start.jpg\" data-width=\"1560\" data-height=\"650\" aria-label=\"cover sonidos de Tenerife\" role=\"img\" ><\/div>\n\t\t\t\t\t\t\t\t\t\t\t<div class=\"elementor-gallery-item__overlay\"><\/div>\n\t\t\t\t\t\t\t\t\t\t\t\t\t\t<\/div>\n\t\t\t\t\t<\/div>\n\t\t\t\t\t<\/div>\n\t\t\t\t<\/div>\n\t\t\t\t\t<\/div>\n\t\t\t\t<\/div>\n\t\t<div class=\"elementor-element elementor-element-3eedf5f e-flex e-con-boxed e-con e-parent\" data-id=\"3eedf5f\" data-element_type=\"container\" data-e-type=\"container\" data-settings=\"{&quot;_ha_eqh_enable&quot;:false}\">\n\t\t\t\t\t<div class=\"e-con-inner\">\n\t\t\t\t\t<\/div>\n\t\t\t\t<\/div>\n\t\t\t\t<\/div>\n\t\t","protected":false},"excerpt":{"rendered":"<p>Was sind binaurale Beats ? Binaurale Beats sind eine Form von auditiven T\u00e4uschungen, bei denen zwei leicht unterschiedliche T\u00f6ne in jedem Ohr abgespielt werden, um einen dritten Ton im Gehirn zu erzeugen \u2013 den sogenannten &#8222;binauralen Beat&#8220;. Diese Beats werden oft f\u00fcr ihre entspannende oder konzentrationsf\u00f6rdernde Wirkung genutzt. Die Verwendung von binauraler Musik kann vielf\u00e4ltig [&hellip;]<\/p>\n","protected":false},"author":1,"featured_media":0,"parent":0,"menu_order":0,"comment_status":"closed","ping_status":"closed","template":"","meta":{"footnotes":""},"class_list":["post-2137","page","type-page","status-publish","hentry"],"yoast_head":"<!-- This site is optimized with the Yoast SEO plugin v27.0 - https:\/\/yoast.com\/product\/yoast-seo-wordpress\/ -->\n<title>Musik - Leonyl - Multimedia Design Berlin f\u00fcr Web | Audio | Video | Grafik<\/title>\n<meta name=\"robots\" content=\"index, follow, max-snippet:-1, max-image-preview:large, max-video-preview:-1\" \/>\n<link rel=\"canonical\" href=\"https:\/\/leonyl.de\/en\/musik\/\" \/>\n<meta property=\"og:locale\" content=\"en_GB\" \/>\n<meta property=\"og:type\" content=\"article\" \/>\n<meta property=\"og:title\" content=\"Musik - Leonyl - Multimedia Design Berlin f\u00fcr Web | Audio | Video | Grafik\" \/>\n<meta property=\"og:description\" content=\"Was sind binaurale Beats ? Binaurale Beats sind eine Form von auditiven T\u00e4uschungen, bei denen zwei leicht unterschiedliche T\u00f6ne in jedem Ohr abgespielt werden, um einen dritten Ton im Gehirn zu erzeugen \u2013 den sogenannten &#8222;binauralen Beat&#8220;. Diese Beats werden oft f\u00fcr ihre entspannende oder konzentrationsf\u00f6rdernde Wirkung genutzt. Die Verwendung von binauraler Musik kann vielf\u00e4ltig [&hellip;]\" \/>\n<meta property=\"og:url\" content=\"https:\/\/leonyl.de\/en\/musik\/\" \/>\n<meta property=\"og:site_name\" content=\"Leonyl - Multimedia Design Berlin f\u00fcr Web | Audio | Video | Grafik\" \/>\n<meta property=\"article:modified_time\" content=\"2024-03-06T13:09:25+00:00\" \/>\n<meta name=\"twitter:card\" content=\"summary_large_image\" \/>\n<meta name=\"twitter:label1\" content=\"Estimated reading time\" \/>\n\t<meta name=\"twitter:data1\" content=\"3 minutes\" \/>\n<script type=\"application\/ld+json\" class=\"yoast-schema-graph\">{\"@context\":\"https:\/\/schema.org\",\"@graph\":[{\"@type\":\"WebPage\",\"@id\":\"https:\/\/leonyl.de\/musik\/\",\"url\":\"https:\/\/leonyl.de\/musik\/\",\"name\":\"Musik - Leonyl - Multimedia Design Berlin f\u00fcr Web | Audio | Video | Grafik\",\"isPartOf\":{\"@id\":\"https:\/\/leonyl.de\/#website\"},\"datePublished\":\"2024-03-06T12:53:18+00:00\",\"dateModified\":\"2024-03-06T13:09:25+00:00\",\"breadcrumb\":{\"@id\":\"https:\/\/leonyl.de\/musik\/#breadcrumb\"},\"inLanguage\":\"en-GB\",\"potentialAction\":[{\"@type\":\"ReadAction\",\"target\":[\"https:\/\/leonyl.de\/musik\/\"]}]},{\"@type\":\"BreadcrumbList\",\"@id\":\"https:\/\/leonyl.de\/musik\/#breadcrumb\",\"itemListElement\":[{\"@type\":\"ListItem\",\"position\":1,\"name\":\"Startseite\",\"item\":\"https:\/\/leonyl.de\/\"},{\"@type\":\"ListItem\",\"position\":2,\"name\":\"Musik\"}]},{\"@type\":\"WebSite\",\"@id\":\"https:\/\/leonyl.de\/#website\",\"url\":\"https:\/\/leonyl.de\/\",\"name\":\"Leonyl - Multimedia Design Berlin f\u00fcr Web | Audio | Video | Grafik\",\"description\":\"\",\"publisher\":{\"@id\":\"https:\/\/leonyl.de\/#organization\"},\"potentialAction\":[{\"@type\":\"SearchAction\",\"target\":{\"@type\":\"EntryPoint\",\"urlTemplate\":\"https:\/\/leonyl.de\/?s={search_term_string}\"},\"query-input\":{\"@type\":\"PropertyValueSpecification\",\"valueRequired\":true,\"valueName\":\"search_term_string\"}}],\"inLanguage\":\"en-GB\"},{\"@type\":\"Organization\",\"@id\":\"https:\/\/leonyl.de\/#organization\",\"name\":\"Leonyl - Multimedia Design Berlin f\u00fcr Web | Audio | Video | Grafik\",\"url\":\"https:\/\/leonyl.de\/\",\"logo\":{\"@type\":\"ImageObject\",\"inLanguage\":\"en-GB\",\"@id\":\"https:\/\/leonyl.de\/#\/schema\/logo\/image\/\",\"url\":\"https:\/\/leonyl.de\/zzz\/wp-content\/uploads\/2023\/06\/leonyl-logo.png\",\"contentUrl\":\"https:\/\/leonyl.de\/zzz\/wp-content\/uploads\/2023\/06\/leonyl-logo.png\",\"width\":172,\"height\":86,\"caption\":\"Leonyl - Multimedia Design Berlin f\u00fcr Web | Audio | Video | Grafik\"},\"image\":{\"@id\":\"https:\/\/leonyl.de\/#\/schema\/logo\/image\/\"}}]}<\/script>\n<!-- \/ Yoast SEO plugin. -->","yoast_head_json":{"title":"Musik - Leonyl - Multimedia Design Berlin f\u00fcr Web | Audio | Video | Grafik","robots":{"index":"index","follow":"follow","max-snippet":"max-snippet:-1","max-image-preview":"max-image-preview:large","max-video-preview":"max-video-preview:-1"},"canonical":"https:\/\/leonyl.de\/en\/musik\/","og_locale":"en_GB","og_type":"article","og_title":"Musik - Leonyl - Multimedia Design Berlin f\u00fcr Web | Audio | Video | Grafik","og_description":"Was sind binaurale Beats ? Binaurale Beats sind eine Form von auditiven T\u00e4uschungen, bei denen zwei leicht unterschiedliche T\u00f6ne in jedem Ohr abgespielt werden, um einen dritten Ton im Gehirn zu erzeugen \u2013 den sogenannten &#8222;binauralen Beat&#8220;. Diese Beats werden oft f\u00fcr ihre entspannende oder konzentrationsf\u00f6rdernde Wirkung genutzt. Die Verwendung von binauraler Musik kann vielf\u00e4ltig [&hellip;]","og_url":"https:\/\/leonyl.de\/en\/musik\/","og_site_name":"Leonyl - Multimedia Design Berlin f\u00fcr Web | Audio | Video | Grafik","article_modified_time":"2024-03-06T13:09:25+00:00","twitter_card":"summary_large_image","twitter_misc":{"Estimated reading time":"3 minutes"},"schema":{"@context":"https:\/\/schema.org","@graph":[{"@type":"WebPage","@id":"https:\/\/leonyl.de\/musik\/","url":"https:\/\/leonyl.de\/musik\/","name":"Musik - Leonyl - Multimedia Design Berlin f\u00fcr Web | Audio | Video | Grafik","isPartOf":{"@id":"https:\/\/leonyl.de\/#website"},"datePublished":"2024-03-06T12:53:18+00:00","dateModified":"2024-03-06T13:09:25+00:00","breadcrumb":{"@id":"https:\/\/leonyl.de\/musik\/#breadcrumb"},"inLanguage":"en-GB","potentialAction":[{"@type":"ReadAction","target":["https:\/\/leonyl.de\/musik\/"]}]},{"@type":"BreadcrumbList","@id":"https:\/\/leonyl.de\/musik\/#breadcrumb","itemListElement":[{"@type":"ListItem","position":1,"name":"Startseite","item":"https:\/\/leonyl.de\/"},{"@type":"ListItem","position":2,"name":"Musik"}]},{"@type":"WebSite","@id":"https:\/\/leonyl.de\/#website","url":"https:\/\/leonyl.de\/","name":"Leonyl - Multimedia Design Berlin for Web | Audio | Video | graphic","description":"","publisher":{"@id":"https:\/\/leonyl.de\/#organization"},"potentialAction":[{"@type":"SearchAction","target":{"@type":"EntryPoint","urlTemplate":"https:\/\/leonyl.de\/?s={search_term_string}"},"query-input":{"@type":"PropertyValueSpecification","valueRequired":true,"valueName":"search_term_string"}}],"inLanguage":"en-GB"},{"@type":"Organization","@id":"https:\/\/leonyl.de\/#organization","name":"Leonyl - Multimedia Design Berlin for Web | Audio | Video | graphic","url":"https:\/\/leonyl.de\/","logo":{"@type":"ImageObject","inLanguage":"en-GB","@id":"https:\/\/leonyl.de\/#\/schema\/logo\/image\/","url":"https:\/\/leonyl.de\/zzz\/wp-content\/uploads\/2023\/06\/leonyl-logo.png","contentUrl":"https:\/\/leonyl.de\/zzz\/wp-content\/uploads\/2023\/06\/leonyl-logo.png","width":172,"height":86,"caption":"Leonyl - Multimedia Design Berlin f\u00fcr Web | Audio | Video | Grafik"},"image":{"@id":"https:\/\/leonyl.de\/#\/schema\/logo\/image\/"}}]}},"_links":{"self":[{"href":"https:\/\/leonyl.de\/en\/wp-json\/wp\/v2\/pages\/2137","targetHints":{"allow":["GET"]}}],"collection":[{"href":"https:\/\/leonyl.de\/en\/wp-json\/wp\/v2\/pages"}],"about":[{"href":"https:\/\/leonyl.de\/en\/wp-json\/wp\/v2\/types\/page"}],"author":[{"embeddable":true,"href":"https:\/\/leonyl.de\/en\/wp-json\/wp\/v2\/users\/1"}],"replies":[{"embeddable":true,"href":"https:\/\/leonyl.de\/en\/wp-json\/wp\/v2\/comments?post=2137"}],"version-history":[{"count":10,"href":"https:\/\/leonyl.de\/en\/wp-json\/wp\/v2\/pages\/2137\/revisions"}],"predecessor-version":[{"id":2148,"href":"https:\/\/leonyl.de\/en\/wp-json\/wp\/v2\/pages\/2137\/revisions\/2148"}],"wp:attachment":[{"href":"https:\/\/leonyl.de\/en\/wp-json\/wp\/v2\/media?parent=2137"}],"curies":[{"name":"wp","href":"https:\/\/api.w.org\/{rel}","templated":true}]}}