{"id":1705,"date":"2023-09-19T09:22:55","date_gmt":"2023-09-19T07:22:55","guid":{"rendered":"http:\/\/leonyl.de\/zzz\/audio\/"},"modified":"2024-03-06T14:11:11","modified_gmt":"2024-03-06T13:11:11","slug":"audio-2","status":"publish","type":"page","link":"https:\/\/leonyl.de\/en\/audio-2\/","title":{"rendered":"Audio"},"content":{"rendered":"\t\t<div data-elementor-type=\"wp-page\" data-elementor-id=\"1705\" class=\"elementor elementor-1705\" data-elementor-settings=\"{&quot;ha_cmc_init_switcher&quot;:&quot;no&quot;}\" data-elementor-post-type=\"page\">\n\t\t\t\t\t\t<section class=\"elementor-section elementor-top-section elementor-element elementor-element-73ad7967 elementor-section-boxed elementor-section-height-default elementor-section-height-default\" data-id=\"73ad7967\" data-element_type=\"section\" data-e-type=\"section\" data-settings=\"{&quot;background_background&quot;:&quot;classic&quot;,&quot;_ha_eqh_enable&quot;:false}\">\n\t\t\t\t\t\t<div class=\"elementor-container elementor-column-gap-default\">\n\t\t\t\t\t<div class=\"elementor-column elementor-col-100 elementor-top-column elementor-element elementor-element-192e668\" data-id=\"192e668\" data-element_type=\"column\" data-e-type=\"column\">\n\t\t\t<div class=\"elementor-widget-wrap elementor-element-populated\">\n\t\t\t\t\t\t<div class=\"elementor-element elementor-element-241ba4ca elementor-widget elementor-widget-spacer\" data-id=\"241ba4ca\" data-element_type=\"widget\" data-e-type=\"widget\" data-widget_type=\"spacer.default\">\n\t\t\t\t<div class=\"elementor-widget-container\">\n\t\t\t\t\t\t\t<div class=\"elementor-spacer\">\n\t\t\t<div class=\"elementor-spacer-inner\"><\/div>\n\t\t<\/div>\n\t\t\t\t\t\t<\/div>\n\t\t\t\t<\/div>\n\t\t\t\t\t<\/div>\n\t\t<\/div>\n\t\t\t\t\t<\/div>\n\t\t<\/section>\n\t\t\t\t<section class=\"elementor-section elementor-top-section elementor-element elementor-element-561fd2bf elementor-section-boxed elementor-section-height-default elementor-section-height-default\" data-id=\"561fd2bf\" data-element_type=\"section\" data-e-type=\"section\" data-settings=\"{&quot;_ha_eqh_enable&quot;:false}\">\n\t\t\t\t\t\t<div class=\"elementor-container elementor-column-gap-default\">\n\t\t\t\t\t<div class=\"elementor-column elementor-col-100 elementor-top-column elementor-element elementor-element-6ec3c5b2\" data-id=\"6ec3c5b2\" data-element_type=\"column\" data-e-type=\"column\">\n\t\t\t<div class=\"elementor-widget-wrap elementor-element-populated\">\n\t\t\t\t\t\t<div class=\"elementor-element elementor-element-3df27acd elementor-widget elementor-widget-spacer\" data-id=\"3df27acd\" data-element_type=\"widget\" data-e-type=\"widget\" data-widget_type=\"spacer.default\">\n\t\t\t\t<div class=\"elementor-widget-container\">\n\t\t\t\t\t\t\t<div class=\"elementor-spacer\">\n\t\t\t<div class=\"elementor-spacer-inner\"><\/div>\n\t\t<\/div>\n\t\t\t\t\t\t<\/div>\n\t\t\t\t<\/div>\n\t\t\t\t<div class=\"elementor-element elementor-element-67998b14 elementor-widget elementor-widget-heading\" data-id=\"67998b14\" data-element_type=\"widget\" data-e-type=\"widget\" data-widget_type=\"heading.default\">\n\t\t\t\t<div class=\"elementor-widget-container\">\n\t\t\t\t\t<h1 class=\"elementor-heading-title elementor-size-default\">Audio Produktion<\/h1>\t\t\t\t<\/div>\n\t\t\t\t<\/div>\n\t\t\t\t<div class=\"elementor-element elementor-element-6da261ca elementor-widget elementor-widget-text-editor\" data-id=\"6da261ca\" data-element_type=\"widget\" data-e-type=\"widget\" data-widget_type=\"text-editor.default\">\n\t\t\t\t<div class=\"elementor-widget-container\">\n\t\t\t\t\t\t\t\t\t<p>Leonyl ist auf dem Gebiet der audiovisuellen Medien im digitalen Bereich zuhause. Immer individuell und zielgerichtet produziere ich auch f\u00fcr Sie Ihren Jingle, Hintergrundmusik oder einen guten Ton. Sie ben\u00f6tigen GEMA freie Hintergrundmusik f\u00fcr Ihre Pr\u00e4sentation, oder m\u00f6chten gern mit Audioeffekten eine Darstellung verfeinern?<\/p><p>Durch ein festes Netzwerk an Partnern und einem <a href=\"https:\/\/www.planet-earth-studios.de\/de\/\" target=\"_blank\" rel=\"noopener\">Tonstudio in Berlin Kreuzberg<\/a> bietet Ihnen Leonyl maximale Flexibilit\u00e4t und hochwertige Produktionen aus den verschiedensten Bereichen. Selbstverst\u00e4ndlich bietet Ihnen Leonyl ma\u00dfgeschneiderte L\u00f6sungen f\u00fcr Ihr individuelles Vorhaben. Vereinbaren Sie dazu einfach Ihr pers\u00f6nliches und unverbindliches Beratungsgespr\u00e4ch.<\/p>\t\t\t\t\t\t\t\t<\/div>\n\t\t\t\t<\/div>\n\t\t\t\t<div class=\"elementor-element elementor-element-644e93df elementor-widget elementor-widget-heading\" data-id=\"644e93df\" data-element_type=\"widget\" data-e-type=\"widget\" data-widget_type=\"heading.default\">\n\t\t\t\t<div class=\"elementor-widget-container\">\n\t\t\t\t\t<h2 class=\"elementor-heading-title elementor-size-default\">Der richtige Ton macht die Musik<\/h2>\t\t\t\t<\/div>\n\t\t\t\t<\/div>\n\t\t\t\t<div class=\"elementor-element elementor-element-580ff5a9 elementor-widget elementor-widget-html\" data-id=\"580ff5a9\" data-element_type=\"widget\" data-e-type=\"widget\" data-widget_type=\"html.default\">\n\t\t\t\t<div class=\"elementor-widget-container\">\n\t\t\t\t\t<script>\ndocument.addEventListener('DOMContentLoaded', function () {\n\nvar filteredImages = document.querySelectorAll('.e-gallery-item');\n\n\/\/Edit the links HERE\nvar links = [\n'https:\/\/soundcloud.com\/leonyl',\n'https:\/\/archive.org\/search?query=leonyl.de',\n'https:\/\/open.spotify.com\/intl-de\/album\/4Ue1HyiFENlku4zqVZYm7B',\n'https:\/\/open.spotify.com\/intl-de\/artist\/3CpEtamarNm0jscYAKU7rO'\n];\n\nvar _loope = function _loope(i) {\n    if (links[i].length > 4) {\n    filteredImages[i].style.cursor = \"pointer\";\nfilteredImages[i].addEventListener('click', function () {\nwindow.open(links[i]);\n});\n}\n};\n\nfor (var i = 0; i < filteredImages.length; i++) {\n_loope(i);\n}\n\n});\n\n<\/script>\n\t\t\t\t<\/div>\n\t\t\t\t<\/div>\n\t\t\t\t<div class=\"elementor-element elementor-element-2da15f7a elementor-widget elementor-widget-gallery\" data-id=\"2da15f7a\" data-element_type=\"widget\" data-e-type=\"widget\" data-settings=\"{&quot;aspect_ratio&quot;:&quot;1:1&quot;,&quot;lazyload&quot;:&quot;yes&quot;,&quot;gallery_layout&quot;:&quot;grid&quot;,&quot;columns&quot;:4,&quot;columns_tablet&quot;:2,&quot;columns_mobile&quot;:1,&quot;gap&quot;:{&quot;unit&quot;:&quot;px&quot;,&quot;size&quot;:10,&quot;sizes&quot;:[]},&quot;gap_tablet&quot;:{&quot;unit&quot;:&quot;px&quot;,&quot;size&quot;:10,&quot;sizes&quot;:[]},&quot;gap_mobile&quot;:{&quot;unit&quot;:&quot;px&quot;,&quot;size&quot;:10,&quot;sizes&quot;:[]},&quot;overlay_background&quot;:&quot;yes&quot;,&quot;content_hover_animation&quot;:&quot;fade-in&quot;}\" data-widget_type=\"gallery.default\">\n\t\t\t\t<div class=\"elementor-widget-container\">\n\t\t\t\t\t\t\t<div class=\"elementor-gallery__container\">\n\t\t\t\t\t\t\t<div class=\"e-gallery-item elementor-gallery-item elementor-animated-content\">\n\t\t\t\t\t<div class=\"e-gallery-image elementor-gallery-item__image\" data-thumbnail=\"https:\/\/leonyl.de\/zzz\/wp-content\/uploads\/2023\/06\/leonyl-music-soundcloud.jpg\" data-width=\"468\" data-height=\"451\" aria-label=\"leonyl-music-soundcloud\" role=\"img\" ><\/div>\n\t\t\t\t\t\t\t\t\t\t\t<div class=\"elementor-gallery-item__overlay\"><\/div>\n\t\t\t\t\t\t\t\t\t\t\t\t\t\t<\/div>\n\t\t\t\t\t\t\t<div class=\"e-gallery-item elementor-gallery-item elementor-animated-content\">\n\t\t\t\t\t<div class=\"e-gallery-image elementor-gallery-item__image\" data-thumbnail=\"https:\/\/leonyl.de\/zzz\/wp-content\/uploads\/2023\/06\/leonyl-music-archiv.jpg\" data-width=\"468\" data-height=\"451\" aria-label=\"leonyl-music-archiv\" role=\"img\" ><\/div>\n\t\t\t\t\t\t\t\t\t\t\t<div class=\"elementor-gallery-item__overlay\"><\/div>\n\t\t\t\t\t\t\t\t\t\t\t\t\t\t<\/div>\n\t\t\t\t\t\t\t<div class=\"e-gallery-item elementor-gallery-item elementor-animated-content\">\n\t\t\t\t\t<div class=\"e-gallery-image elementor-gallery-item__image\" data-thumbnail=\"https:\/\/leonyl.de\/zzz\/wp-content\/uploads\/2023\/06\/leonyl-music-2010.jpg\" data-width=\"468\" data-height=\"451\" aria-label=\"leonyl-music-2010 spotify\" role=\"img\" ><\/div>\n\t\t\t\t\t\t\t\t\t\t\t<div class=\"elementor-gallery-item__overlay\"><\/div>\n\t\t\t\t\t\t\t\t\t\t\t\t\t\t<\/div>\n\t\t\t\t\t\t\t<div class=\"e-gallery-item elementor-gallery-item elementor-animated-content\">\n\t\t\t\t\t<div class=\"e-gallery-image elementor-gallery-item__image\" data-thumbnail=\"https:\/\/leonyl.de\/zzz\/wp-content\/uploads\/2023\/06\/bg-start.jpg\" data-width=\"1560\" data-height=\"650\" aria-label=\"cover sonidos de Tenerife\" role=\"img\" ><\/div>\n\t\t\t\t\t\t\t\t\t\t\t<div class=\"elementor-gallery-item__overlay\"><\/div>\n\t\t\t\t\t\t\t\t\t\t\t\t\t\t<\/div>\n\t\t\t\t\t<\/div>\n\t\t\t\t\t<\/div>\n\t\t\t\t<\/div>\n\t\t\t\t<div class=\"elementor-element elementor-element-5dde9b03 elementor-widget elementor-widget-spacer\" data-id=\"5dde9b03\" data-element_type=\"widget\" data-e-type=\"widget\" data-widget_type=\"spacer.default\">\n\t\t\t\t<div class=\"elementor-widget-container\">\n\t\t\t\t\t\t\t<div class=\"elementor-spacer\">\n\t\t\t<div class=\"elementor-spacer-inner\"><\/div>\n\t\t<\/div>\n\t\t\t\t\t\t<\/div>\n\t\t\t\t<\/div>\n\t\t\t\t<div class=\"elementor-element elementor-element-612ec06a elementor-widget elementor-widget-text-editor\" data-id=\"612ec06a\" data-element_type=\"widget\" data-e-type=\"widget\" data-widget_type=\"text-editor.default\">\n\t\t\t\t<div class=\"elementor-widget-container\">\n\t\t\t\t\t\t\t\t\t<p><strong><u>Leonyl\u00b4s Service im Audiobereich:<\/u><\/strong><br \/>Musik-Archiv und Auftragsproduktion, Sounddesign, Radiospots, Audiobranding, Gesangs- und Sprachaufnahmen, Field-Recording, Audio-Postproduktion, Mastering,\u00a0Beratung, Planung und Umsetzung.<\/p>\t\t\t\t\t\t\t\t<\/div>\n\t\t\t\t<\/div>\n\t\t\t\t<div class=\"elementor-element elementor-element-6f343589 elementor-widget elementor-widget-spacer\" data-id=\"6f343589\" data-element_type=\"widget\" data-e-type=\"widget\" data-widget_type=\"spacer.default\">\n\t\t\t\t<div class=\"elementor-widget-container\">\n\t\t\t\t\t\t\t<div class=\"elementor-spacer\">\n\t\t\t<div class=\"elementor-spacer-inner\"><\/div>\n\t\t<\/div>\n\t\t\t\t\t\t<\/div>\n\t\t\t\t<\/div>\n\t\t\t\t\t<\/div>\n\t\t<\/div>\n\t\t\t\t\t<\/div>\n\t\t<\/section>\n\t\t\t\t<section class=\"elementor-section elementor-top-section elementor-element elementor-element-14001302 elementor-section-boxed elementor-section-height-default elementor-section-height-default\" data-id=\"14001302\" data-element_type=\"section\" data-e-type=\"section\" data-settings=\"{&quot;_ha_eqh_enable&quot;:false}\">\n\t\t\t\t\t\t<div class=\"elementor-container elementor-column-gap-default\">\n\t\t\t\t\t<div class=\"elementor-column elementor-col-100 elementor-top-column elementor-element elementor-element-57e9a41\" data-id=\"57e9a41\" data-element_type=\"column\" data-e-type=\"column\">\n\t\t\t<div class=\"elementor-widget-wrap elementor-element-populated\">\n\t\t\t\t\t\t\t<\/div>\n\t\t<\/div>\n\t\t\t\t\t<\/div>\n\t\t<\/section>\n\t\t\t\t<\/div>\n\t\t","protected":false},"excerpt":{"rendered":"<p>Audio Produktion Leonyl ist auf dem Gebiet der audiovisuellen Medien im digitalen Bereich zuhause. Immer individuell und zielgerichtet produziere ich auch f\u00fcr Sie Ihren Jingle, Hintergrundmusik oder einen guten Ton. Sie ben\u00f6tigen GEMA freie Hintergrundmusik f\u00fcr Ihre Pr\u00e4sentation, oder m\u00f6chten gern mit Audioeffekten eine Darstellung verfeinern? Durch ein festes Netzwerk an Partnern und einem Tonstudio [&hellip;]<\/p>\n","protected":false},"author":1,"featured_media":65,"parent":0,"menu_order":0,"comment_status":"closed","ping_status":"closed","template":"","meta":{"footnotes":""},"class_list":["post-1705","page","type-page","status-publish","has-post-thumbnail","hentry"],"yoast_head":"<!-- This site is optimized with the Yoast SEO plugin v27.0 - https:\/\/yoast.com\/product\/yoast-seo-wordpress\/ -->\n<title>Audio - Leonyl - Multimedia Design Berlin f\u00fcr Web | Audio | Video | Grafik<\/title>\n<meta name=\"robots\" content=\"index, follow, max-snippet:-1, max-image-preview:large, max-video-preview:-1\" \/>\n<link rel=\"canonical\" href=\"https:\/\/leonyl.de\/en\/audio-2\/\" \/>\n<meta property=\"og:locale\" content=\"en_GB\" \/>\n<meta property=\"og:type\" content=\"article\" \/>\n<meta property=\"og:title\" content=\"Audio - Leonyl - Multimedia Design Berlin f\u00fcr Web | Audio | Video | Grafik\" \/>\n<meta property=\"og:description\" content=\"Audio Produktion Leonyl ist auf dem Gebiet der audiovisuellen Medien im digitalen Bereich zuhause. Immer individuell und zielgerichtet produziere ich auch f\u00fcr Sie Ihren Jingle, Hintergrundmusik oder einen guten Ton. Sie ben\u00f6tigen GEMA freie Hintergrundmusik f\u00fcr Ihre Pr\u00e4sentation, oder m\u00f6chten gern mit Audioeffekten eine Darstellung verfeinern? Durch ein festes Netzwerk an Partnern und einem Tonstudio [&hellip;]\" \/>\n<meta property=\"og:url\" content=\"https:\/\/leonyl.de\/en\/audio-2\/\" \/>\n<meta property=\"og:site_name\" content=\"Leonyl - Multimedia Design Berlin f\u00fcr Web | Audio | Video | Grafik\" \/>\n<meta property=\"article:modified_time\" content=\"2024-03-06T13:11:11+00:00\" \/>\n<meta property=\"og:image\" content=\"https:\/\/leonyl.de\/zzz\/wp-content\/uploads\/2023\/06\/audio.jpg\" \/>\n\t<meta property=\"og:image:width\" content=\"1200\" \/>\n\t<meta property=\"og:image:height\" content=\"739\" \/>\n\t<meta property=\"og:image:type\" content=\"image\/jpeg\" \/>\n<meta name=\"twitter:card\" content=\"summary_large_image\" \/>\n<meta name=\"twitter:label1\" content=\"Estimated reading time\" \/>\n\t<meta name=\"twitter:data1\" content=\"1 minute\" \/>\n<script type=\"application\/ld+json\" class=\"yoast-schema-graph\">{\"@context\":\"https:\/\/schema.org\",\"@graph\":[{\"@type\":\"WebPage\",\"@id\":\"https:\/\/leonyl.de\/audio-2\/\",\"url\":\"https:\/\/leonyl.de\/audio-2\/\",\"name\":\"Audio - Leonyl - Multimedia Design Berlin f\u00fcr Web | Audio | Video | Grafik\",\"isPartOf\":{\"@id\":\"https:\/\/leonyl.de\/#website\"},\"primaryImageOfPage\":{\"@id\":\"https:\/\/leonyl.de\/audio-2\/#primaryimage\"},\"image\":{\"@id\":\"https:\/\/leonyl.de\/audio-2\/#primaryimage\"},\"thumbnailUrl\":\"https:\/\/leonyl.de\/zzz\/wp-content\/uploads\/2023\/06\/audio.jpg\",\"datePublished\":\"2023-09-19T07:22:55+00:00\",\"dateModified\":\"2024-03-06T13:11:11+00:00\",\"breadcrumb\":{\"@id\":\"https:\/\/leonyl.de\/audio-2\/#breadcrumb\"},\"inLanguage\":\"en-GB\",\"potentialAction\":[{\"@type\":\"ReadAction\",\"target\":[\"https:\/\/leonyl.de\/audio-2\/\"]}]},{\"@type\":\"ImageObject\",\"inLanguage\":\"en-GB\",\"@id\":\"https:\/\/leonyl.de\/audio-2\/#primaryimage\",\"url\":\"https:\/\/leonyl.de\/zzz\/wp-content\/uploads\/2023\/06\/audio.jpg\",\"contentUrl\":\"https:\/\/leonyl.de\/zzz\/wp-content\/uploads\/2023\/06\/audio.jpg\",\"width\":1200,\"height\":739,\"caption\":\"leonyl audio produktion\"},{\"@type\":\"BreadcrumbList\",\"@id\":\"https:\/\/leonyl.de\/audio-2\/#breadcrumb\",\"itemListElement\":[{\"@type\":\"ListItem\",\"position\":1,\"name\":\"Startseite\",\"item\":\"https:\/\/leonyl.de\/\"},{\"@type\":\"ListItem\",\"position\":2,\"name\":\"Audio\"}]},{\"@type\":\"WebSite\",\"@id\":\"https:\/\/leonyl.de\/#website\",\"url\":\"https:\/\/leonyl.de\/\",\"name\":\"Leonyl - Multimedia Design Berlin f\u00fcr Web | Audio | Video | Grafik\",\"description\":\"\",\"publisher\":{\"@id\":\"https:\/\/leonyl.de\/#organization\"},\"potentialAction\":[{\"@type\":\"SearchAction\",\"target\":{\"@type\":\"EntryPoint\",\"urlTemplate\":\"https:\/\/leonyl.de\/?s={search_term_string}\"},\"query-input\":{\"@type\":\"PropertyValueSpecification\",\"valueRequired\":true,\"valueName\":\"search_term_string\"}}],\"inLanguage\":\"en-GB\"},{\"@type\":\"Organization\",\"@id\":\"https:\/\/leonyl.de\/#organization\",\"name\":\"Leonyl - Multimedia Design Berlin f\u00fcr Web | Audio | Video | Grafik\",\"url\":\"https:\/\/leonyl.de\/\",\"logo\":{\"@type\":\"ImageObject\",\"inLanguage\":\"en-GB\",\"@id\":\"https:\/\/leonyl.de\/#\/schema\/logo\/image\/\",\"url\":\"https:\/\/leonyl.de\/zzz\/wp-content\/uploads\/2023\/06\/leonyl-logo.png\",\"contentUrl\":\"https:\/\/leonyl.de\/zzz\/wp-content\/uploads\/2023\/06\/leonyl-logo.png\",\"width\":172,\"height\":86,\"caption\":\"Leonyl - Multimedia Design Berlin f\u00fcr Web | Audio | Video | Grafik\"},\"image\":{\"@id\":\"https:\/\/leonyl.de\/#\/schema\/logo\/image\/\"}}]}<\/script>\n<!-- \/ Yoast SEO plugin. -->","yoast_head_json":{"title":"Audio - Leonyl - Multimedia Design Berlin for Web | Audio | Video | Graphics","robots":{"index":"index","follow":"follow","max-snippet":"max-snippet:-1","max-image-preview":"max-image-preview:large","max-video-preview":"max-video-preview:-1"},"canonical":"https:\/\/leonyl.de\/en\/audio-2\/","og_locale":"en_GB","og_type":"article","og_title":"Audio - Leonyl - Multimedia Design Berlin f\u00fcr Web | Audio | Video | Grafik","og_description":"Audio Produktion Leonyl ist auf dem Gebiet der audiovisuellen Medien im digitalen Bereich zuhause. Immer individuell und zielgerichtet produziere ich auch f\u00fcr Sie Ihren Jingle, Hintergrundmusik oder einen guten Ton. Sie ben\u00f6tigen GEMA freie Hintergrundmusik f\u00fcr Ihre Pr\u00e4sentation, oder m\u00f6chten gern mit Audioeffekten eine Darstellung verfeinern? Durch ein festes Netzwerk an Partnern und einem Tonstudio [&hellip;]","og_url":"https:\/\/leonyl.de\/en\/audio-2\/","og_site_name":"Leonyl - Multimedia Design Berlin f\u00fcr Web | Audio | Video | Grafik","article_modified_time":"2024-03-06T13:11:11+00:00","og_image":[{"width":1200,"height":739,"url":"https:\/\/leonyl.de\/zzz\/wp-content\/uploads\/2023\/06\/audio.jpg","type":"image\/jpeg"}],"twitter_card":"summary_large_image","twitter_misc":{"Estimated reading time":"1 minute"},"schema":{"@context":"https:\/\/schema.org","@graph":[{"@type":"WebPage","@id":"https:\/\/leonyl.de\/audio-2\/","url":"https:\/\/leonyl.de\/audio-2\/","name":"Audio - Leonyl - Multimedia Design Berlin for Web | Audio | Video | Graphics","isPartOf":{"@id":"https:\/\/leonyl.de\/#website"},"primaryImageOfPage":{"@id":"https:\/\/leonyl.de\/audio-2\/#primaryimage"},"image":{"@id":"https:\/\/leonyl.de\/audio-2\/#primaryimage"},"thumbnailUrl":"https:\/\/leonyl.de\/zzz\/wp-content\/uploads\/2023\/06\/audio.jpg","datePublished":"2023-09-19T07:22:55+00:00","dateModified":"2024-03-06T13:11:11+00:00","breadcrumb":{"@id":"https:\/\/leonyl.de\/audio-2\/#breadcrumb"},"inLanguage":"en-GB","potentialAction":[{"@type":"ReadAction","target":["https:\/\/leonyl.de\/audio-2\/"]}]},{"@type":"ImageObject","inLanguage":"en-GB","@id":"https:\/\/leonyl.de\/audio-2\/#primaryimage","url":"https:\/\/leonyl.de\/zzz\/wp-content\/uploads\/2023\/06\/audio.jpg","contentUrl":"https:\/\/leonyl.de\/zzz\/wp-content\/uploads\/2023\/06\/audio.jpg","width":1200,"height":739,"caption":"leonyl audio produktion"},{"@type":"BreadcrumbList","@id":"https:\/\/leonyl.de\/audio-2\/#breadcrumb","itemListElement":[{"@type":"ListItem","position":1,"name":"Startseite","item":"https:\/\/leonyl.de\/"},{"@type":"ListItem","position":2,"name":"Audio"}]},{"@type":"WebSite","@id":"https:\/\/leonyl.de\/#website","url":"https:\/\/leonyl.de\/","name":"Leonyl - Multimedia Design Berlin for Web | Audio | Video | graphic","description":"","publisher":{"@id":"https:\/\/leonyl.de\/#organization"},"potentialAction":[{"@type":"SearchAction","target":{"@type":"EntryPoint","urlTemplate":"https:\/\/leonyl.de\/?s={search_term_string}"},"query-input":{"@type":"PropertyValueSpecification","valueRequired":true,"valueName":"search_term_string"}}],"inLanguage":"en-GB"},{"@type":"Organization","@id":"https:\/\/leonyl.de\/#organization","name":"Leonyl - Multimedia Design Berlin for Web | Audio | Video | graphic","url":"https:\/\/leonyl.de\/","logo":{"@type":"ImageObject","inLanguage":"en-GB","@id":"https:\/\/leonyl.de\/#\/schema\/logo\/image\/","url":"https:\/\/leonyl.de\/zzz\/wp-content\/uploads\/2023\/06\/leonyl-logo.png","contentUrl":"https:\/\/leonyl.de\/zzz\/wp-content\/uploads\/2023\/06\/leonyl-logo.png","width":172,"height":86,"caption":"Leonyl - Multimedia Design Berlin f\u00fcr Web | Audio | Video | Grafik"},"image":{"@id":"https:\/\/leonyl.de\/#\/schema\/logo\/image\/"}}]}},"_links":{"self":[{"href":"https:\/\/leonyl.de\/en\/wp-json\/wp\/v2\/pages\/1705","targetHints":{"allow":["GET"]}}],"collection":[{"href":"https:\/\/leonyl.de\/en\/wp-json\/wp\/v2\/pages"}],"about":[{"href":"https:\/\/leonyl.de\/en\/wp-json\/wp\/v2\/types\/page"}],"author":[{"embeddable":true,"href":"https:\/\/leonyl.de\/en\/wp-json\/wp\/v2\/users\/1"}],"replies":[{"embeddable":true,"href":"https:\/\/leonyl.de\/en\/wp-json\/wp\/v2\/comments?post=1705"}],"version-history":[{"count":13,"href":"https:\/\/leonyl.de\/en\/wp-json\/wp\/v2\/pages\/1705\/revisions"}],"predecessor-version":[{"id":2151,"href":"https:\/\/leonyl.de\/en\/wp-json\/wp\/v2\/pages\/1705\/revisions\/2151"}],"wp:featuredmedia":[{"embeddable":true,"href":"https:\/\/leonyl.de\/en\/wp-json\/wp\/v2\/media\/65"}],"wp:attachment":[{"href":"https:\/\/leonyl.de\/en\/wp-json\/wp\/v2\/media?parent=1705"}],"curies":[{"name":"wp","href":"https:\/\/api.w.org\/{rel}","templated":true}]}}